{"id":304,"date":"2020-04-22T09:18:44","date_gmt":"2020-04-22T09:18:44","guid":{"rendered":"https:\/\/woogavekort.local\/absalon\/?post_type=product&#038;p=120"},"modified":"2020-05-05T08:57:24","modified_gmt":"2020-05-05T08:57:24","slug":"original-single","status":"publish","type":"product","link":"https:\/\/gavekort.absalon-hotel.dk\/?product=original-single","title":{"rendered":"Original Single"},"content":{"rendered":"<p>\u2022 Enkeltv\u00e6relse 8-10 m2<br \/>\n\u2022 40\u201d Samsung LED TV<br \/>\n\u2022 Gratis WI-FI<br \/>\n\u2022 H\u00e5rt\u00f8rrer p\u00e5 badev\u00e6relset<br \/>\n\u2022 T\u00f8fler<br \/>\n\u2022 Karmameju toiletprodukter<br \/>\n\u2022 Safe<br \/>\n\u2022 CONCEPT24<\/p>\n","protected":false},"excerpt":{"rendered":"<p>V\u00e6relserne har alle moderne bekvemmeligheder.<\/p>\n","protected":false},"featured_media":404,"template":"","meta":[],"_links":{"self":[{"href":"https:\/\/gavekort.absalon-hotel.dk\/index.php?rest_route=\/wp\/v2\/product\/304"}],"collection":[{"href":"https:\/\/gavekort.absalon-hotel.dk\/index.php?rest_route=\/wp\/v2\/product"}],"about":[{"href":"https:\/\/gavekort.absalon-hotel.dk\/index.php?rest_route=\/wp\/v2\/types\/product"}],"wp:featuredmedia":[{"embeddable":true,"href":"https:\/\/gavekort.absalon-hotel.dk\/index.php?rest_route=\/wp\/v2\/media\/404"}],"wp:attachment":[{"href":"https:\/\/gavekort.absalon-hotel.dk\/index.php?rest_route=%2Fwp%2Fv2%2Fmedia&parent=304"}],"curies":[{"name":"wp","href":"https:\/\/api.w.org\/{rel}","templated":true}]}}